{"id":9,"date":"2017-04-05T15:14:52","date_gmt":"2017-04-05T14:14:52","guid":{"rendered":"http:\/\/matiereengrains.fr\/?page_id=9"},"modified":"2018-06-27T20:24:51","modified_gmt":"2018-06-27T19:24:51","slug":"avant-propos","status":"publish","type":"page","link":"https:\/\/matiereengrains.fr\/","title":{"rendered":"Avant Propos"},"content":{"rendered":"<p><!--\n\n\n\n<hr \/>\n\n\n\n\n\n<p style=\"text-align: center;\"><span style=\"color: #ffcc99;\"><span style=\"font-size: 200%;\"><strong>Actualit\u00e9s<\/strong><\/span>\n<a href=\"http:\/\/matiereengrains.fr\/index.php\/2017\/11\/28\/workshop-granulaire-saint-gobain-espci\/\">Workshop Granulaire Saint-Gobain ESPCI<\/a><\/span>\n\n\n\n<hr \/>\n\n\n\n--><br \/>\nDepuis l\u2019antiquit\u00e9, avec D\u00e9mocrite puis Lucr\u00e8ce, les ensembles de grains \u2013 ceux du sac de billes et du tas de sable \u00a0\u2013 sont utilis\u00e9s pour rendre compte de la r\u00e9alit\u00e9 d\u2019une mati\u00e8re omnipr\u00e9sente qui fascine. Son caract\u00e8re fragmentable tout comme l\u2019affinit\u00e9 avec laquelle les fins morceaux s\u2019agr\u00e8gent pour r\u00e9aliser un objet solide comme le fait potier modelant la terre plastique, le temps saisi par les grains qui s\u2019\u00e9coulent dans le sablier\u2026 conservent encore aujourd\u2019hui \u00e0 bien des \u00e9gards leur part de myst\u00e8re.<\/p>\n<p>Faites d\u2019ensembles de grains aux propri\u00e9t\u00e9s \u00e0 mi-chemin entre solides et fluides, les mat\u00e9riaux granulaires ont \u00e9t\u00e9 appr\u00e9hend\u00e9s, souvent de fa\u00e7on ind\u00e9pendante, par un grand nombre de disciplines des sciences et techniques : g\u00e9nie civil, g\u00e9nie des proc\u00e9d\u00e9s, sciences de la Terre et agronomie, physique et sciences des mat\u00e9riaux ainsi que pour les probl\u00e8mes de l\u2019environnement\u2026<\/p>\n<p>Depuis une trentaine d\u2019ann\u00e9es, fort des progr\u00e8s remarquables en physique statistique, atomique, mol\u00e9culaire et en physique des solides, un effort consid\u00e9rable a \u00e9t\u00e9 entrepris pour d\u00e9crire cette mati\u00e8re sur de nouvelles bases. L\u2019impulsion de Pierre Gilles de Gennes*, prix Nobel de Physique, a conduit \u00e0 un travail collectif d\u2019unification et \u00e0 l\u2019\u00e9criture de plusieurs ouvrages. Appuy\u00e9 par diff\u00e9rents groupes de recherches initi\u00e9s par celui des MIAM (milieux al\u00e9atoires macoscopiques)** on a pu voir naitre une nouvelle science de la mati\u00e8re en grain.<\/p>\n<p>Aujourd\u2019hui, les d\u00e9veloppements consid\u00e9rables r\u00e9cents en France et \u00e0 l\u2019\u00e9tranger nous ont conduit \u00e0 \u00e9crire un nouveau livre*** actualisant le sujet et plus ouvert vers des applications et proposant une description pr\u00e9cise et p\u00e9dagogique de ces mat\u00e9riaux omnipr\u00e9sents dans la vie de tous les jours.<\/p>\n<p>Le congr\u00e8s mondial \u00ab\u00a0Powders and Grains\u00a0\u00bb ou \u00a0\u00ab\u00a0Poudres et Grains\u00a0\u00bb, initi\u00e9 en France \u00e0 Clermont Ferrand, se tiendra \u00e0 Montpellier du 2 au 7 juillet 2017, et dont nous avons la responsabilit\u00e9, sera lui aussi l\u2019occasion d\u2019une mise au point des connaissances actuelles sur un sujet en constante \u00e9volution.<\/p>\n<p>* <a href=\"http:\/\/matiereengrains.fr\/index.php\/2017\/04\/25\/la-physique-du-sac-de-billes\/\">La physique du sac de billes<\/a><\/p>\n<p>** <a href=\"http:\/\/matiereengrains.fr\/index.php\/2017\/04\/23\/la-recherche-sur-les-materiaux-granulaires\/\">Les MIAMs, ou l&rsquo;histoire de d&rsquo;une communaut\u00e9 scientifique ouverte<\/a><\/p>\n<p>*** <a href=\"http:\/\/matiereengrains.fr\/index.php\/26-2\/\">Mati\u00e8re en Grains<\/a><\/p>\n<p>&nbsp;<\/p>\n<p><img loading=\"lazy\" class=\"alignnone size-large wp-image-502\" src=\"http:\/\/matiereengrains.fr\/wp-content\/uploads\/2018\/06\/Logos-1024x154.png\" alt=\"\" width=\"525\" height=\"79\" srcset=\"https:\/\/matiereengrains.fr\/wp-content\/uploads\/2018\/06\/Logos-1024x154.png 1024w, https:\/\/matiereengrains.fr\/wp-content\/uploads\/2018\/06\/Logos-300x45.png 300w, https:\/\/matiereengrains.fr\/wp-content\/uploads\/2018\/06\/Logos-768x115.png 768w, https:\/\/matiereengrains.fr\/wp-content\/uploads\/2018\/06\/Logos.png 1876w\" sizes=\"(max-width: 525px) 100vw, 525px\" \/><\/p>\n","protected":false},"excerpt":{"rendered":"<p>Depuis l\u2019antiquit\u00e9, avec D\u00e9mocrite puis Lucr\u00e8ce, les ensembles de grains \u2013 ceux du sac de billes et du tas de sable \u00a0\u2013 sont utilis\u00e9s pour rendre compte de la r\u00e9alit\u00e9 d\u2019une mati\u00e8re omnipr\u00e9sente qui fascine. Son caract\u00e8re fragmentable tout comme l\u2019affinit\u00e9 avec laquelle les fins morceaux s\u2019agr\u00e8gent pour r\u00e9aliser un objet solide comme le fait &hellip; <\/p>\n<p class=\"link-more\"><a href=\"https:\/\/matiereengrains.fr\/\" class=\"more-link\">Continuer la lecture<span class=\"screen-reader-text\"> de &laquo;&nbsp;Avant Propos&nbsp;&raquo;<\/span><\/a><\/p>\n","protected":false},"author":1,"featured_media":0,"parent":0,"menu_order":0,"comment_status":"closed","ping_status":"closed","template":"","meta":[],"_links":{"self":[{"href":"https:\/\/matiereengrains.fr\/index.php\/wp-json\/wp\/v2\/pages\/9"}],"collection":[{"href":"https:\/\/matiereengrains.fr\/index.php\/wp-json\/wp\/v2\/pages"}],"about":[{"href":"https:\/\/matiereengrains.fr\/index.php\/wp-json\/wp\/v2\/types\/page"}],"author":[{"embeddable":true,"href":"https:\/\/matiereengrains.fr\/index.php\/wp-json\/wp\/v2\/users\/1"}],"replies":[{"embeddable":true,"href":"https:\/\/matiereengrains.fr\/index.php\/wp-json\/wp\/v2\/comments?post=9"}],"version-history":[{"count":22,"href":"https:\/\/matiereengrains.fr\/index.php\/wp-json\/wp\/v2\/pages\/9\/revisions"}],"predecessor-version":[{"id":503,"href":"https:\/\/matiereengrains.fr\/index.php\/wp-json\/wp\/v2\/pages\/9\/revisions\/503"}],"wp:attachment":[{"href":"https:\/\/matiereengrains.fr\/index.php\/wp-json\/wp\/v2\/media?parent=9"}],"curies":[{"name":"wp","href":"https:\/\/api.w.org\/{rel}","templated":true}]}}