{"id":351,"date":"2017-04-27T15:33:25","date_gmt":"2017-04-27T14:33:25","guid":{"rendered":"http:\/\/matiereengrains.fr\/?page_id=351"},"modified":"2017-04-27T15:54:04","modified_gmt":"2017-04-27T14:54:04","slug":"dilatance","status":"publish","type":"page","link":"https:\/\/matiereengrains.fr\/index.php\/dilatance\/","title":{"rendered":"Dilatance"},"content":{"rendered":"<p>En raison de l\u2019absence ou de la faiblesse des forces de coh\u00e9sion entre les grains, un mat\u00e9riau granulaire peut s\u2019\u00e9couler comme un liquide. Mais, contrairement aux liquides ordinaires, l\u2019\u00e9coulement des grains s\u2019accompagne de changements de volume.<\/p>\n<p>Une exp\u00e9rience tr\u00e8s simple permet d\u2019observer ce ph\u00e9nom\u00e8ne. On verse d\u2019abord du sel dans un tube et on le compacte un peu en donnant quelques coups sur le tube. Ensuite, on l\u2019incline lentement pour permettre aux grains de s\u2019\u00e9couler dans le tube. Si l\u2019on remet le tube \u00e0 sa position verticale, on observe que le niveau du sel est mont\u00e9 par rapport \u00e0 son niveau initial. L\u2019\u00e9coulement des grains a entra\u00een\u00e9 une augmentation du volume total du sel et donc une r\u00e9duction de sa compacit\u00e9 dans le tube. Ce ph\u00e9nom\u00e8ne s\u2019appelle la <span style=\"color: #00ccff;\"><strong>dilatance<\/strong><\/span>. Il fut \u00e9tudi\u00e9 \u00e0 la fin du 19\u00e8me si\u00e8cle pour la premi\u00e8re fois par le physicien anglais <span style=\"color: #00ccff;\"><strong>Reynolds<\/strong><\/span>.<\/p>\n<div id=\"afe-swf-1\" class=\"afe-flash\">Il est n\u00e9cessaire d&rsquo;installer Flash pour voir cette animation.<\/div>\n<p><strong>Figure &#8211;<\/strong>\u00a0Contrairement aux liquides ordinaires, l\u2019\u00e9coulement des grains s\u2019accompagne de changements de volume.<\/p>\n<h2>Ecoulement par dilatation<\/h2>\n<p>La dilatance est une cons\u00e9quence du r\u00e9arrangement des grains lors d\u2019un \u00e9coulement. Plus pr\u00e9cis\u00e9ment, <span style=\"color: #00ccff;\"><strong>l\u2019\u00e9coulement n\u2019est possible que si le volume change<\/strong><\/span>.<\/p>\n<p>Par exemple, dans l\u2019exp\u00e9rience du tube inclin\u00e9, on remarque que l\u2019\u00e9coulement commence au voisinage de la surface libre, c&rsquo;est-\u00e0-dire l\u00e0 o\u00f9 le changement de volume est le plus facile ; puis il se propage dans tout le volume du sel par avalanches successives, au fur et \u00e0 mesure qu\u2019on incline le tube. Au fond du tube, la dilatation, et donc le r\u00e9arrangement des grains et l\u2019\u00e9coulement, est inhib\u00e9e par la pr\u00e9sence des parois et du reste du mat\u00e9riau granulaire.<\/p>\n<p>Si l\u2019on r\u00e9p\u00e8te la m\u00eame exp\u00e9rience cette fois sans compacter initialement le sel, on peut observer une dilatance nettement plus faible, voire m\u00eame une contraction du mat\u00e9riau. Dans ces conditions, les parois ne limitent plus les r\u00e9arrangements des grains puisque le volume du sel peut alors diminuer sans restriction dans le tube. Par cons\u00e9quent, l\u2019\u00e9coulement a lieu uniform\u00e9ment dans tout le volume du tube d\u00e8s le d\u00e9but.<\/p>\n<div id=\"afe-swf-2\" class=\"afe-flash\">Il est n\u00e9cessaire d&rsquo;installer Flash pour voir cette animation.<\/div>\n<p><strong>Figure &#8211;<\/strong> L&rsquo;\u00e9coulement des grains commence l\u00e0 o\u00f9 la dilatation est plus facile.<\/p>\n<h1>Compacit\u00e9 critique<\/h1>\n<p>L\u2019\u00e9coulement peut entra\u00eener une diminution de la compacit\u00e9si la mati\u00e8re granulaire est initialement compacte (dilatance positive), et une augmentation de la compacit\u00e9 si elle est initialement l\u00e2che (dilatance n\u00e9gative). Il existe donc une compacit\u00e9 interm\u00e9diaire, appel\u00e9e compacit\u00e9 critique, pour laquelle il n\u2019y a ni augmentation ni diminution de la compacit\u00e9 lors d\u2019un \u00e9coulement lent. <span style=\"color: #00ccff;\"><strong>Que le mat\u00e9riau soit initialement l\u00e2che ou compact, il atteint la compacit\u00e9 critique pendant l\u2019\u00e9coulement.<\/strong><\/span> Si on r\u00e9p\u00e8te l&rsquo;exp\u00e9rience avec le tube \u00e0 partir de la fin de la premi\u00e8re exp\u00e9rience (c&rsquo;est-\u00e0-dire, avec le mat\u00e9riau dilat\u00e9 dans le premier \u00e9coulement), on remarque que le niveau du mat\u00e9riau granulaire dans le tube reste inchang\u00e9. Ceci indique que le mat\u00e9riau \u00e9tait \u00e0 la compacit\u00e9 critique \u00e0 la fin de la premi\u00e8re exp\u00e9rience.<\/p>\n<p>Un mat\u00e9riau granulaire ne reste dans son \u00e9tat critique que si l\u2019\u00e9coulement continue dans le m\u00eame sens. Si on change la direction de l\u2019\u00e9coulement, la compacit\u00e9 commence par augmenter, puis elle diminue de nouveau vers la compacit\u00e9 critique dans la nouvelle direction de l\u2019\u00e9coulement. En d\u2019autres termes, un mat\u00e9riau granulaire qui atteint l\u2019\u00e9tat critique est anisotrope, en ce sens que son comportement dans cet \u00e9tat d\u00e9pend de la direction dans laquelle il s&rsquo;\u00e9coule. Si on change la direction de l\u2019\u00e9coulement plusieurs fois de suite avant que la compacit\u00e9 critique ne soit atteinte, la compacit\u00e9 continue \u00e0 augmenter puisque <span style=\"color: #00ccff;\"><strong>chaque changement de direction contribue \u00e0 densifier un peu plus le mat\u00e9riau<\/strong><\/span>.<\/p>\n<p>Pour voir cette compaction induite par une sollicitation cyclique, il suffit d\u2019incliner de quelques degr\u00e9s un tube rempli de sel, d\u2019abord dans un sens,\u00a0 puis dans le sens oppos\u00e9. En r\u00e9p\u00e9tant plusieurs fois ce processus, on observe que le niveau du sel baisse un peu apr\u00e8s chaque aller-retour.<\/p>\n<div id=\"afe-swf-3\" class=\"afe-flash\">Il est n\u00e9cessaire d&rsquo;installer Flash pour voir cette animation.<\/div>\n<p><strong>Figure &#8211;\u00a0<\/strong>Un mat\u00e9riau granulaire atteint la compacit\u00e9critique pendant l&rsquo;\u00e9coulement quelle que soit sa compacit\u00e9 initiale.<\/p>\n<h2>Le sable satur\u00e9 d&rsquo;eau<\/h2>\n<p>Lorsque les pores entre les grains sont remplis par un liquide, la dilatance entra\u00eene l&rsquo;\u00e9coulement de l&rsquo;eau dans les pores. Si le volume est libre de changer, une diminution de la compacit\u00e9 (dans le cas o\u00f9 le mat\u00e9riau est initialement compact) implique le retrait du liquide dans les pores (dont le volume a augment\u00e9).<\/p>\n<p>Pour observer cet effet, on peut r\u00e9aliser une exp\u00e9rience simple. On remplit d&rsquo;abord un ballon par des billes de verre ou du sable. On fixe un tube introduit dans le ballon et on verse de l&rsquo;eau dans le tube. L&rsquo;eau va progressivement envahir les pores entre les grains. Lorsque le mat\u00e9riau granulaire est satur\u00e9, l&rsquo;eau monte dans le tube. On serre ensuite l\u00e9g\u00e8rement le ballon entre deux doigts et on observe que le niveau d&rsquo;eau dans le tube baisse. Ceci indique que, sous l&rsquo;effet du cisaillement, le volume des pores a augment\u00e9.<\/p>\n<p>On observe couramment cet effet de dilatance lorsque l\u2019on marche au bord de la mer sur le sable satur\u00e9 d\u2019eau. Le sable s\u2019\u00e9coule sous l\u2019action de la pression exerc\u00e9e par le pied. Cette d\u00e9formation du sable entra\u00eene la dilatation du sable et donc une augmentation du volume des pores. L\u2019eau se retire dans le volume suppl\u00e9mentaire ainsi cr\u00e9\u00e9 et son niveau baisse dans une zone autour du pied. On observe ainsi que la surface du sable autour du pied s\u2019ass\u00e8che pendant quelques secondes.<\/p>\n<div id=\"afe-swf-4\" class=\"afe-flash\">Il est n\u00e9cessaire d&rsquo;installer Flash pour voir cette animation.<\/div>\n<div id=\"afe-swf-5\" class=\"afe-flash\">Il est n\u00e9cessaire d&rsquo;installer Flash pour voir cette animation.<\/div>\n<p><strong>Figure &#8211;<\/strong> Lorsque l&rsquo;on marche au bord de la mer sur le sable, la surface du sable autour du pied s&rsquo;ass\u00e8che.<\/p>\n<h2>Liqu\u00e9faction<\/h2>\n<p>Lorsqu\u2019un milieu granulaire est initialement l\u00e2che, la r\u00e9duction du volume des pores sous l\u2019effet d\u2019une d\u00e9formation implique l\u2019\u00e9jection partielle du liquide des pores. Si le liquide \u00e9ject\u00e9 est \u00e9vacu\u00e9 d\u2019une mani\u00e8re ou d\u2019une autre, le niveau du liquide ne monte pas. Dans le cas contraire, le niveau du liquide peut d\u00e9passer celui des grains. Alors, la pression de confinement initialement support\u00e9e par les grains sera support\u00e9e par le liquide. Ceci entra\u00eene un glissement puisque le liquide, contrairement \u00e0 un milieu granulaire, ne r\u00e9siste pas aux contraintes de cisaillement \u00e0 l&rsquo;\u00e9quilibre. Ce ph\u00e9nom\u00e8ne est appel\u00e9 <span style=\"color: #00ccff;\"><strong>liqu\u00e9faction<\/strong><\/span>.<\/p>\n<p>Par exemple, si le milieu granulaire en question forme un talus, la contrainte de cisaillement r\u00e9sulte de la composante du poids de grains suivant la surface du talus. Par cons\u00e9quent, si le ph\u00e9nom\u00e8ne de liqu\u00e9faction a lieu \u00e0 l\u2019int\u00e9rieur d\u2019un milieu granulaire en pente, le talus sera d\u00e9stabilis\u00e9 par glissement sur la couche du liquide en surpression. La liqu\u00e9faction est effectivement \u00e0 l\u2019origine de certains <span style=\"color: #00ccff;\"><strong>glissements de terrain<\/strong><\/span> dans les zones o\u00f9 l\u2019eau de pluie n\u2019est pas \u00e9vacu\u00e9e suffisamment vite ou lorsque le sol se d\u00e9forme subitement \u00e0 cause d\u2019un s\u00e9isme.<\/p>\n","protected":false},"excerpt":{"rendered":"<p>En raison de l\u2019absence ou de la faiblesse des forces de coh\u00e9sion entre les grains, un mat\u00e9riau granulaire peut s\u2019\u00e9couler comme un liquide. Mais, contrairement aux liquides ordinaires, l\u2019\u00e9coulement des grains s\u2019accompagne de changements de volume. Une exp\u00e9rience tr\u00e8s simple permet d\u2019observer ce ph\u00e9nom\u00e8ne. On verse d\u2019abord du sel dans un tube et on le &hellip; <\/p>\n<p class=\"link-more\"><a href=\"https:\/\/matiereengrains.fr\/index.php\/dilatance\/\" class=\"more-link\">Continuer la lecture<span class=\"screen-reader-text\"> de &laquo;&nbsp;Dilatance&nbsp;&raquo;<\/span><\/a><\/p>\n","protected":false},"author":1,"featured_media":0,"parent":0,"menu_order":0,"comment_status":"closed","ping_status":"closed","template":"","meta":[],"_links":{"self":[{"href":"https:\/\/matiereengrains.fr\/index.php\/wp-json\/wp\/v2\/pages\/351"}],"collection":[{"href":"https:\/\/matiereengrains.fr\/index.php\/wp-json\/wp\/v2\/pages"}],"about":[{"href":"https:\/\/matiereengrains.fr\/index.php\/wp-json\/wp\/v2\/types\/page"}],"author":[{"embeddable":true,"href":"https:\/\/matiereengrains.fr\/index.php\/wp-json\/wp\/v2\/users\/1"}],"replies":[{"embeddable":true,"href":"https:\/\/matiereengrains.fr\/index.php\/wp-json\/wp\/v2\/comments?post=351"}],"version-history":[{"count":10,"href":"https:\/\/matiereengrains.fr\/index.php\/wp-json\/wp\/v2\/pages\/351\/revisions"}],"predecessor-version":[{"id":363,"href":"https:\/\/matiereengrains.fr\/index.php\/wp-json\/wp\/v2\/pages\/351\/revisions\/363"}],"wp:attachment":[{"href":"https:\/\/matiereengrains.fr\/index.php\/wp-json\/wp\/v2\/media?parent=351"}],"curies":[{"name":"wp","href":"https:\/\/api.w.org\/{rel}","templated":true}]}}